{"id":3270,"date":"2022-03-17T08:11:54","date_gmt":"2022-03-17T11:11:54","guid":{"rendered":"https:\/\/solarisclinicaudi.com.br\/?page_id=3270"},"modified":"2022-04-25T20:14:07","modified_gmt":"2022-04-25T23:14:07","slug":"design-de-sobrancelha","status":"publish","type":"page","link":"https:\/\/solarisclinicaudi.com.br\/index.php\/design-de-sobrancelha\/","title":{"rendered":"Design de Sobrancelha"},"content":{"rendered":"<style>\/*! elementor - v3.5.6 - 28-02-2022 *\/<br \/>\n.elementor-heading-title{padding:0;margin:0;line-height:1}.elementor-widget-heading .elementor-heading-title[class*=elementor-size-]>a{color:inherit;font-size:inherit;line-height:inherit}.elementor-widget-heading .elementor-heading-title.elementor-size-small{font-size:15px}.elementor-widget-heading .elementor-heading-title.elementor-size-medium{font-size:19px}.elementor-widget-heading .elementor-heading-title.elementor-size-large{font-size:29px}.elementor-widget-heading .elementor-heading-title.elementor-size-xl{font-size:39px}.elementor-widget-heading .elementor-heading-title.elementor-size-xxl{font-size:59px}<\/style>\n<h2>Design de Sobrancelha<\/h2>\n<p>cl\u00ednica solaris medicina e est\u00e9tica<\/p>\n<h2>Design de Sobrancelha<\/h2>\n<p>Design de Sobrancelhas \u00e9 a maneira mais r\u00e1pida de real\u00e7ar e exibir os seus tra\u00e7os preferidos do olhar. Conquiste sobrancelhas perfeitas e d\u00ea uma levantada a mais no seu olhar. Os resultados deste servi\u00e7o v\u00e3o deix\u00e1-la ainda mais linda!<\/p>\n<p>O Design de Sobrancelhas \u00e9 indicado para homens e mulheres que desejam limpar as sobrancelhas, remodel\u00e1-las, corrigir imperfei\u00e7\u00f5es ou apenas deixar o olhar mais bonito.<\/p>\n<p>Al\u00e9m de limpar as sobrancelhas, o procedimento d\u00e1 impress\u00e3o que seu semblante est\u00e1 mais leve, com aspecto<\/p>\n<p>de bem cuidado e mais expressividade. O efeito \u00e9 muito natural e o resultado \u00e9 um olhar marcante e lindo mesmo sem maquiagem.<\/p>\n<p>Baseado nas t\u00e9cnicas de visagismo, as profissionais da Solaris avaliam e analisam todas as caracter\u00edsticas do seu formato de rosto, medindo os pontos de equil\u00edbrio para criar um design perfeito para o seu olhar. Em seguida, os pelos s\u00e3o aparados com uma pin\u00e7a.<\/p>\n<p>Selecione o tratamento e saiba mais&#8230;<\/p>\n<h2>Tratamentos Faciais<\/h2>\n<p><a href=\"https:\/\/solarisclinicaudi.com.br\/index.php\/depilacao-a-laser-face\/\" target=\"_self\" rel=\"noopener\"><img fetchpriority=\"high\" decoding=\"async\" src=\"http:\/\/solarisclinicaudi.com.br\/wp-content\/uploads\/2022\/03\/Depilacao-a-Laser-Clinica-Solaris-Medicina-e-Estetica-Udi-Lion-850x850.jpg\" sizes=\"(max-width: 660px) 100vw, 660px\" srcset=\"http:\/\/solarisclinicaudi.com.br\/wp-content\/uploads\/2022\/03\/Depilacao-a-Laser-Clinica-Solaris-Medicina-e-Estetica-Udi-Lion-850x850.jpg 850w, http:\/\/solarisclinicaudi.com.br\/wp-content\/uploads\/2022\/03\/Depilacao-a-Laser-Clinica-Solaris-Medicina-e-Estetica-Udi-Lion-300x300.jpg 300w, http:\/\/solarisclinicaudi.com.br\/wp-content\/uploads\/2022\/03\/Depilacao-a-Laser-Clinica-Solaris-Medicina-e-Estetica-Udi-Lion-170x170.jpg 170w, http:\/\/solarisclinicaudi.com.br\/wp-content\/uploads\/2022\/03\/Depilacao-a-Laser-Clinica-Solaris-Medicina-e-Estetica-Udi-Lion-150x150.jpg 150w, http:\/\/solarisclinicaudi.com.br\/wp-content\/uploads\/2022\/03\/Depilacao-a-Laser-Clinica-Solaris-Medicina-e-Estetica-Udi-Lion-410x410.jpg 410w\" alt=\"Depila\u00e7\u00e3o a Laser - Cl\u00ednica Solaris - Medicina e Est\u00e9tica\" width=\"660\" height=\"660\" \/><\/a><\/p>\n<h3>Depila\u00e7\u00e3o a Laser<\/h3>\n<p><a href=\"https:\/\/solarisclinicaudi.com.br\/index.php\/depilacao-egipcia\/\" target=\"_self\" rel=\"noopener\"><img decoding=\"async\" src=\"http:\/\/solarisclinicaudi.com.br\/wp-content\/uploads\/2022\/03\/Depilacao-Egipcia-Clinica-Solaris-Medicina-e-Estetica-Udi-Lion-850x850.jpg\" sizes=\"(max-width: 660px) 100vw, 660px\" srcset=\"http:\/\/solarisclinicaudi.com.br\/wp-content\/uploads\/2022\/03\/Depilacao-Egipcia-Clinica-Solaris-Medicina-e-Estetica-Udi-Lion-850x850.jpg 850w, http:\/\/solarisclinicaudi.com.br\/wp-content\/uploads\/2022\/03\/Depilacao-Egipcia-Clinica-Solaris-Medicina-e-Estetica-Udi-Lion-300x300.jpg 300w, http:\/\/solarisclinicaudi.com.br\/wp-content\/uploads\/2022\/03\/Depilacao-Egipcia-Clinica-Solaris-Medicina-e-Estetica-Udi-Lion-170x170.jpg 170w, http:\/\/solarisclinicaudi.com.br\/wp-content\/uploads\/2022\/03\/Depilacao-Egipcia-Clinica-Solaris-Medicina-e-Estetica-Udi-Lion-150x150.jpg 150w, http:\/\/solarisclinicaudi.com.br\/wp-content\/uploads\/2022\/03\/Depilacao-Egipcia-Clinica-Solaris-Medicina-e-Estetica-Udi-Lion-410x410.jpg 410w\" alt=\"Depila\u00e7\u00e3o Eg\u00edpcia - Cl\u00ednica Solaris - Medicina e Est\u00e9tica\" width=\"660\" height=\"660\" \/><\/a><\/p>\n<h3>Depila\u00e7\u00e3o Eg\u00edpcia<\/h3>\n<p><a href=\"https:\/\/solarisclinicaudi.com.br\/index.php\/design-de-sobrancelha\/\" target=\"_self\" rel=\"noopener\"><img decoding=\"async\" src=\"http:\/\/solarisclinicaudi.com.br\/wp-content\/uploads\/2022\/03\/Design-de-Sobrancelha-Clinica-Solaris-Medicina-e-Estetica-Udi-Lion-850x850.jpg\" sizes=\"(max-width: 660px) 100vw, 660px\" srcset=\"http:\/\/solarisclinicaudi.com.br\/wp-content\/uploads\/2022\/03\/Design-de-Sobrancelha-Clinica-Solaris-Medicina-e-Estetica-Udi-Lion-850x850.jpg 850w, http:\/\/solarisclinicaudi.com.br\/wp-content\/uploads\/2022\/03\/Design-de-Sobrancelha-Clinica-Solaris-Medicina-e-Estetica-Udi-Lion-300x300.jpg 300w, http:\/\/solarisclinicaudi.com.br\/wp-content\/uploads\/2022\/03\/Design-de-Sobrancelha-Clinica-Solaris-Medicina-e-Estetica-Udi-Lion-170x170.jpg 170w, http:\/\/solarisclinicaudi.com.br\/wp-content\/uploads\/2022\/03\/Design-de-Sobrancelha-Clinica-Solaris-Medicina-e-Estetica-Udi-Lion-150x150.jpg 150w, http:\/\/solarisclinicaudi.com.br\/wp-content\/uploads\/2022\/03\/Design-de-Sobrancelha-Clinica-Solaris-Medicina-e-Estetica-Udi-Lion-410x410.jpg 410w\" alt=\"Design de Sobrancelha - Cl\u00ednica Solaris - Medicina e Est\u00e9tica\" width=\"660\" height=\"660\" \/><\/a><\/p>\n<h3>Design de Sobrancelha<\/h3>\n<p><a href=\"https:\/\/solarisclinicaudi.com.br\/index.php\/drenagem-facial\/\" target=\"_self\" rel=\"noopener\"><img loading=\"lazy\" decoding=\"async\" src=\"http:\/\/solarisclinicaudi.com.br\/wp-content\/uploads\/2022\/03\/Drenagem-Facial-Clinica-Solaris-Medicina-e-Estetica-Udi-Lion-850x850.jpg\" sizes=\"(max-width: 660px) 100vw, 660px\" srcset=\"http:\/\/solarisclinicaudi.com.br\/wp-content\/uploads\/2022\/03\/Drenagem-Facial-Clinica-Solaris-Medicina-e-Estetica-Udi-Lion-850x850.jpg 850w, http:\/\/solarisclinicaudi.com.br\/wp-content\/uploads\/2022\/03\/Drenagem-Facial-Clinica-Solaris-Medicina-e-Estetica-Udi-Lion-300x300.jpg 300w, http:\/\/solarisclinicaudi.com.br\/wp-content\/uploads\/2022\/03\/Drenagem-Facial-Clinica-Solaris-Medicina-e-Estetica-Udi-Lion-170x170.jpg 170w, http:\/\/solarisclinicaudi.com.br\/wp-content\/uploads\/2022\/03\/Drenagem-Facial-Clinica-Solaris-Medicina-e-Estetica-Udi-Lion-150x150.jpg 150w, http:\/\/solarisclinicaudi.com.br\/wp-content\/uploads\/2022\/03\/Drenagem-Facial-Clinica-Solaris-Medicina-e-Estetica-Udi-Lion-410x410.jpg 410w\" alt=\"Drenagem Facial - Cl\u00ednica Solaris - Medicina e Est\u00e9tica\" width=\"660\" height=\"660\" \/><\/a><\/p>\n<h3>Drenagem Facial<\/h3>\n<p><a href=\"https:\/\/solarisclinicaudi.com.br\/index.php\/limpeza-de-pele\/\" target=\"_self\" rel=\"noopener\"><img loading=\"lazy\" decoding=\"async\" src=\"http:\/\/solarisclinicaudi.com.br\/wp-content\/uploads\/2022\/03\/Limpeza-de-Pele-Clinica-Solaris-Medicina-e-Estetica-Udi-Lion-850x850.jpg\" sizes=\"(max-width: 660px) 100vw, 660px\" srcset=\"http:\/\/solarisclinicaudi.com.br\/wp-content\/uploads\/2022\/03\/Limpeza-de-Pele-Clinica-Solaris-Medicina-e-Estetica-Udi-Lion-850x850.jpg 850w, http:\/\/solarisclinicaudi.com.br\/wp-content\/uploads\/2022\/03\/Limpeza-de-Pele-Clinica-Solaris-Medicina-e-Estetica-Udi-Lion-300x300.jpg 300w, http:\/\/solarisclinicaudi.com.br\/wp-content\/uploads\/2022\/03\/Limpeza-de-Pele-Clinica-Solaris-Medicina-e-Estetica-Udi-Lion-170x170.jpg 170w, http:\/\/solarisclinicaudi.com.br\/wp-content\/uploads\/2022\/03\/Limpeza-de-Pele-Clinica-Solaris-Medicina-e-Estetica-Udi-Lion-150x150.jpg 150w, http:\/\/solarisclinicaudi.com.br\/wp-content\/uploads\/2022\/03\/Limpeza-de-Pele-Clinica-Solaris-Medicina-e-Estetica-Udi-Lion-410x410.jpg 410w\" alt=\"\" width=\"660\" height=\"660\" \/><\/a><\/p>\n<h3>Limpeza de Pele<\/h3>\n<p><a href=\"https:\/\/solarisclinicaudi.com.br\/index.php\/mascara-de-led\/\" target=\"_self\" rel=\"noopener\"><img loading=\"lazy\" decoding=\"async\" src=\"http:\/\/solarisclinicaudi.com.br\/wp-content\/uploads\/2022\/03\/Mascara-de-LED-Clinica-Solaris-Medicina-e-Estetica-Udi-Lion-850x850.jpg\" sizes=\"(max-width: 660px) 100vw, 660px\" srcset=\"http:\/\/solarisclinicaudi.com.br\/wp-content\/uploads\/2022\/03\/Mascara-de-LED-Clinica-Solaris-Medicina-e-Estetica-Udi-Lion-850x850.jpg 850w, http:\/\/solarisclinicaudi.com.br\/wp-content\/uploads\/2022\/03\/Mascara-de-LED-Clinica-Solaris-Medicina-e-Estetica-Udi-Lion-300x300.jpg 300w, http:\/\/solarisclinicaudi.com.br\/wp-content\/uploads\/2022\/03\/Mascara-de-LED-Clinica-Solaris-Medicina-e-Estetica-Udi-Lion-170x170.jpg 170w, http:\/\/solarisclinicaudi.com.br\/wp-content\/uploads\/2022\/03\/Mascara-de-LED-Clinica-Solaris-Medicina-e-Estetica-Udi-Lion-150x150.jpg 150w, http:\/\/solarisclinicaudi.com.br\/wp-content\/uploads\/2022\/03\/Mascara-de-LED-Clinica-Solaris-Medicina-e-Estetica-Udi-Lion-410x410.jpg 410w\" alt=\"\" width=\"660\" height=\"660\" \/><\/a><\/p>\n<h3>M\u00e1scara de LED<\/h3>\n<p><a href=\"https:\/\/solarisclinicaudi.com.br\/index.php\/micropigmentacao-fio-a-fio\/\" target=\"_self\" rel=\"noopener\"><img loading=\"lazy\" decoding=\"async\" src=\"http:\/\/solarisclinicaudi.com.br\/wp-content\/uploads\/2022\/03\/Micropigmentacao-Fio-a-Fio-Clinica-Solaris-Medicina-e-Estetica-Udi-Lion-850x850.jpg\" sizes=\"(max-width: 660px) 100vw, 660px\" srcset=\"http:\/\/solarisclinicaudi.com.br\/wp-content\/uploads\/2022\/03\/Micropigmentacao-Fio-a-Fio-Clinica-Solaris-Medicina-e-Estetica-Udi-Lion-850x850.jpg 850w, http:\/\/solarisclinicaudi.com.br\/wp-content\/uploads\/2022\/03\/Micropigmentacao-Fio-a-Fio-Clinica-Solaris-Medicina-e-Estetica-Udi-Lion-300x300.jpg 300w, http:\/\/solarisclinicaudi.com.br\/wp-content\/uploads\/2022\/03\/Micropigmentacao-Fio-a-Fio-Clinica-Solaris-Medicina-e-Estetica-Udi-Lion-170x170.jpg 170w, http:\/\/solarisclinicaudi.com.br\/wp-content\/uploads\/2022\/03\/Micropigmentacao-Fio-a-Fio-Clinica-Solaris-Medicina-e-Estetica-Udi-Lion-150x150.jpg 150w, http:\/\/solarisclinicaudi.com.br\/wp-content\/uploads\/2022\/03\/Micropigmentacao-Fio-a-Fio-Clinica-Solaris-Medicina-e-Estetica-Udi-Lion-410x410.jpg 410w\" alt=\"Micropigmenta\u00e7\u00e3o Fio a Fio - Cl\u00ednica Solaris - Medicina e Est\u00e9tica\" width=\"660\" height=\"660\" \/><\/a><\/p>\n<h3>Micropigmenta\u00e7\u00e3o Fio a Fio<\/h3>\n<p><a href=\"https:\/\/solarisclinicaudi.com.br\/index.php\/peeling-de-cristal\/\" target=\"_self\" rel=\"noopener\"><img loading=\"lazy\" decoding=\"async\" src=\"http:\/\/solarisclinicaudi.com.br\/wp-content\/uploads\/2022\/03\/Peeling-de-Cristal-Clinica-Solaris-Medicina-e-Estetica-Udi-Lion-850x850.jpg\" sizes=\"(max-width: 660px) 100vw, 660px\" srcset=\"http:\/\/solarisclinicaudi.com.br\/wp-content\/uploads\/2022\/03\/Peeling-de-Cristal-Clinica-Solaris-Medicina-e-Estetica-Udi-Lion-850x850.jpg 850w, http:\/\/solarisclinicaudi.com.br\/wp-content\/uploads\/2022\/03\/Peeling-de-Cristal-Clinica-Solaris-Medicina-e-Estetica-Udi-Lion-300x300.jpg 300w, http:\/\/solarisclinicaudi.com.br\/wp-content\/uploads\/2022\/03\/Peeling-de-Cristal-Clinica-Solaris-Medicina-e-Estetica-Udi-Lion-170x170.jpg 170w, http:\/\/solarisclinicaudi.com.br\/wp-content\/uploads\/2022\/03\/Peeling-de-Cristal-Clinica-Solaris-Medicina-e-Estetica-Udi-Lion-150x150.jpg 150w, http:\/\/solarisclinicaudi.com.br\/wp-content\/uploads\/2022\/03\/Peeling-de-Cristal-Clinica-Solaris-Medicina-e-Estetica-Udi-Lion-410x410.jpg 410w\" alt=\"\" width=\"660\" height=\"660\" \/><\/a><\/p>\n<h3>Peeling de Cristal<\/h3>\n<p><a href=\"https:\/\/solarisclinicaudi.com.br\/index.php\/peeling-de-diamante\/\" target=\"_self\" rel=\"noopener\"><img loading=\"lazy\" decoding=\"async\" src=\"http:\/\/solarisclinicaudi.com.br\/wp-content\/uploads\/2022\/03\/Peeling-de-Diamante-Clinica-Solaris-Medicina-e-Estetica-Udi-Lion-850x850.jpg\" sizes=\"(max-width: 660px) 100vw, 660px\" srcset=\"http:\/\/solarisclinicaudi.com.br\/wp-content\/uploads\/2022\/03\/Peeling-de-Diamante-Clinica-Solaris-Medicina-e-Estetica-Udi-Lion-850x850.jpg 850w, http:\/\/solarisclinicaudi.com.br\/wp-content\/uploads\/2022\/03\/Peeling-de-Diamante-Clinica-Solaris-Medicina-e-Estetica-Udi-Lion-300x300.jpg 300w, http:\/\/solarisclinicaudi.com.br\/wp-content\/uploads\/2022\/03\/Peeling-de-Diamante-Clinica-Solaris-Medicina-e-Estetica-Udi-Lion-170x170.jpg 170w, http:\/\/solarisclinicaudi.com.br\/wp-content\/uploads\/2022\/03\/Peeling-de-Diamante-Clinica-Solaris-Medicina-e-Estetica-Udi-Lion-150x150.jpg 150w, http:\/\/solarisclinicaudi.com.br\/wp-content\/uploads\/2022\/03\/Peeling-de-Diamante-Clinica-Solaris-Medicina-e-Estetica-Udi-Lion-410x410.jpg 410w\" alt=\"Peeling de Diamante - Cl\u00ednica Solaris - Medicina e Est\u00e9tica\" width=\"660\" height=\"660\" \/><\/a><\/p>\n<h3>Peeling de Diamante<\/h3>\n<p><a href=\"https:\/\/solarisclinicaudi.com.br\/index.php\/pos-operatorio-facial\/\" target=\"_self\" rel=\"noopener\"><img loading=\"lazy\" decoding=\"async\" src=\"http:\/\/solarisclinicaudi.com.br\/wp-content\/uploads\/2022\/03\/Pos-Operatorio-Clinica-Solaris-Medicina-e-Estetica-Udi-Lion-850x850.jpg\" sizes=\"(max-width: 660px) 100vw, 660px\" srcset=\"http:\/\/solarisclinicaudi.com.br\/wp-content\/uploads\/2022\/03\/Pos-Operatorio-Clinica-Solaris-Medicina-e-Estetica-Udi-Lion-850x850.jpg 850w, http:\/\/solarisclinicaudi.com.br\/wp-content\/uploads\/2022\/03\/Pos-Operatorio-Clinica-Solaris-Medicina-e-Estetica-Udi-Lion-300x300.jpg 300w, http:\/\/solarisclinicaudi.com.br\/wp-content\/uploads\/2022\/03\/Pos-Operatorio-Clinica-Solaris-Medicina-e-Estetica-Udi-Lion-170x170.jpg 170w, http:\/\/solarisclinicaudi.com.br\/wp-content\/uploads\/2022\/03\/Pos-Operatorio-Clinica-Solaris-Medicina-e-Estetica-Udi-Lion-150x150.jpg 150w, http:\/\/solarisclinicaudi.com.br\/wp-content\/uploads\/2022\/03\/Pos-Operatorio-Clinica-Solaris-Medicina-e-Estetica-Udi-Lion-410x410.jpg 410w\" alt=\"P\u00f3s Operat\u00f3rio - Cl\u00ednica Solaris - Medicina e Est\u00e9tica\" width=\"660\" height=\"660\" \/><\/a><\/p>\n<h3>P\u00f3s Operat\u00f3rio<\/h3>\n<p><a href=\"https:\/\/solarisclinicaudi.com.br\/index.php\/radiofrequencia\/\" target=\"_self\" rel=\"noopener\"><img loading=\"lazy\" decoding=\"async\" src=\"http:\/\/solarisclinicaudi.com.br\/wp-content\/uploads\/2022\/03\/Radiofrequencia-Clinica-Solaris-Medicina-e-Estetica-Udi-Lion-850x850.jpg\" sizes=\"(max-width: 660px) 100vw, 660px\" srcset=\"http:\/\/solarisclinicaudi.com.br\/wp-content\/uploads\/2022\/03\/Radiofrequencia-Clinica-Solaris-Medicina-e-Estetica-Udi-Lion-850x850.jpg 850w, http:\/\/solarisclinicaudi.com.br\/wp-content\/uploads\/2022\/03\/Radiofrequencia-Clinica-Solaris-Medicina-e-Estetica-Udi-Lion-300x300.jpg 300w, http:\/\/solarisclinicaudi.com.br\/wp-content\/uploads\/2022\/03\/Radiofrequencia-Clinica-Solaris-Medicina-e-Estetica-Udi-Lion-170x170.jpg 170w, http:\/\/solarisclinicaudi.com.br\/wp-content\/uploads\/2022\/03\/Radiofrequencia-Clinica-Solaris-Medicina-e-Estetica-Udi-Lion-150x150.jpg 150w, http:\/\/solarisclinicaudi.com.br\/wp-content\/uploads\/2022\/03\/Radiofrequencia-Clinica-Solaris-Medicina-e-Estetica-Udi-Lion-410x410.jpg 410w\" alt=\"Radiofrequ\u00eancia - Cl\u00ednica Solaris - Medicina e Est\u00e9tica\" width=\"660\" height=\"660\" \/><\/a><\/p>\n<h3>Radiofrequ\u00eancia<\/h3>\n<p><a href=\"https:\/\/solarisclinicaudi.com.br\/index.php\/rejuvenescimento\/\" target=\"_self\" rel=\"noopener\"><img loading=\"lazy\" decoding=\"async\" src=\"http:\/\/solarisclinicaudi.com.br\/wp-content\/uploads\/2022\/03\/Rejuvenescimento-Clinica-Solaris-Medicina-e-Estetica-Udi-Lion-850x850.jpg\" sizes=\"(max-width: 660px) 100vw, 660px\" srcset=\"http:\/\/solarisclinicaudi.com.br\/wp-content\/uploads\/2022\/03\/Rejuvenescimento-Clinica-Solaris-Medicina-e-Estetica-Udi-Lion-850x850.jpg 850w, http:\/\/solarisclinicaudi.com.br\/wp-content\/uploads\/2022\/03\/Rejuvenescimento-Clinica-Solaris-Medicina-e-Estetica-Udi-Lion-300x300.jpg 300w, http:\/\/solarisclinicaudi.com.br\/wp-content\/uploads\/2022\/03\/Rejuvenescimento-Clinica-Solaris-Medicina-e-Estetica-Udi-Lion-170x170.jpg 170w, http:\/\/solarisclinicaudi.com.br\/wp-content\/uploads\/2022\/03\/Rejuvenescimento-Clinica-Solaris-Medicina-e-Estetica-Udi-Lion-150x150.jpg 150w, http:\/\/solarisclinicaudi.com.br\/wp-content\/uploads\/2022\/03\/Rejuvenescimento-Clinica-Solaris-Medicina-e-Estetica-Udi-Lion-410x410.jpg 410w\" alt=\"Rejuvenescimento - Cl\u00ednica Solaris - Medicina e Est\u00e9tica\" width=\"660\" height=\"660\" \/><\/a><\/p>\n<h3>Rejuvenescimento<\/h3>\n<style>\/*! elementor - v3.5.6 - 28-02-2022 *\/<br \/>\n@media (min-width:768px){.elementor-widget-icon-box.elementor-position-left .elementor-icon-box-wrapper,.elementor-widget-icon-box.elementor-position-right .elementor-icon-box-wrapper{display:-webkit-box;display:-ms-flexbox;display:flex}.elementor-widget-icon-box.elementor-position-left .elementor-icon-box-icon,.elementor-widget-icon-box.elementor-position-right .elementor-icon-box-icon{display:-webkit-inline-box;display:-ms-inline-flexbox;display:inline-flex;-webkit-box-flex:0;-ms-flex:0 0 auto;flex:0 0 auto}.elementor-widget-icon-box.elementor-position-right .elementor-icon-box-wrapper{text-align:right;-webkit-box-orient:horizontal;-webkit-box-direction:reverse;-ms-flex-direction:row-reverse;flex-direction:row-reverse}.elementor-widget-icon-box.elementor-position-left .elementor-icon-box-wrapper{text-align:left;-webkit-box-orient:horizontal;-webkit-box-direction:normal;-ms-flex-direction:row;flex-direction:row}.elementor-widget-icon-box.elementor-position-top .elementor-icon-box-img{margin:auto}.elementor-widget-icon-box.elementor-vertical-align-top .elementor-icon-box-wrapper{-webkit-box-align:start;-ms-flex-align:start;align-items:flex-start}.elementor-widget-icon-box.elementor-vertical-align-middle .elementor-icon-box-wrapper{-webkit-box-align:center;-ms-flex-align:center;align-items:center}.elementor-widget-icon-box.elementor-vertical-align-bottom .elementor-icon-box-wrapper{-webkit-box-align:end;-ms-flex-align:end;align-items:flex-end}}@media (max-width:767px){.elementor-widget-icon-box .elementor-icon-box-icon{margin-left:auto!important;margin-right:auto!important;margin-bottom:15px}}.elementor-widget-icon-box .elementor-icon-box-wrapper{text-align:center}.elementor-widget-icon-box .elementor-icon-box-title a{color:inherit}.elementor-widget-icon-box .elementor-icon-box-content{-webkit-box-flex:1;-ms-flex-positive:1;flex-grow:1}.elementor-widget-icon-box .elementor-icon-box-description{margin:0}<\/style>\n<h3>Entre em contato conosco e agende uma visita!<\/h3>\n<p><a role=\"button\" href=\"https:\/\/api.whatsapp.com\/send?phone=5534998554236&amp;text=Ol%C3%A1%20estou%20no%20site%20da%20Cl%C3%ADnica%20Solaris%20e%20gostaria%20de%20maiores%20informa%C3%A7%C3%B5es...\" target=\"_blank\" rel=\"noopener\"><br \/>\nFale Conosco &#8230;<br \/>\n<\/a><\/p>\n","protected":false},"excerpt":{"rendered":"<p>Design de Sobrancelha cl\u00ednica solaris medicina e est\u00e9tica Design de Sobrancelha Design de Sobrancelhas \u00e9 a maneira mais r\u00e1pida de real\u00e7ar e exibir os seus tra\u00e7os preferidos do olhar. Conquiste sobrancelhas perfeitas e d\u00ea uma levantada a mais no seu olhar. Os resultados deste servi\u00e7o v\u00e3o deix\u00e1-la ainda mais linda! O Design de Sobrancelhas \u00e9 &hellip; <br \/><a href=\"https:\/\/solarisclinicaudi.com.br\/index.php\/design-de-sobrancelha\/\" class=\"more-link\">Continuar<\/a><\/p>\n","protected":false},"author":1,"featured_media":2985,"parent":0,"menu_order":0,"comment_status":"closed","ping_status":"closed","template":"elementor_header_footer","meta":{"om_disable_all_campaigns":false,"_monsterinsights_skip_tracking":false,"_monsterinsights_sitenote_active":false,"_monsterinsights_sitenote_note":"","_monsterinsights_sitenote_category":0,"footnotes":""},"class_list":["post-3270","page","type-page","status-publish","has-post-thumbnail","hentry"],"aioseo_notices":[],"_links":{"self":[{"href":"https:\/\/solarisclinicaudi.com.br\/index.php\/wp-json\/wp\/v2\/pages\/3270","targetHints":{"allow":["GET"]}}],"collection":[{"href":"https:\/\/solarisclinicaudi.com.br\/index.php\/wp-json\/wp\/v2\/pages"}],"about":[{"href":"https:\/\/solarisclinicaudi.com.br\/index.php\/wp-json\/wp\/v2\/types\/page"}],"author":[{"embeddable":true,"href":"https:\/\/solarisclinicaudi.com.br\/index.php\/wp-json\/wp\/v2\/users\/1"}],"replies":[{"embeddable":true,"href":"https:\/\/solarisclinicaudi.com.br\/index.php\/wp-json\/wp\/v2\/comments?post=3270"}],"version-history":[{"count":15,"href":"https:\/\/solarisclinicaudi.com.br\/index.php\/wp-json\/wp\/v2\/pages\/3270\/revisions"}],"predecessor-version":[{"id":3704,"href":"https:\/\/solarisclinicaudi.com.br\/index.php\/wp-json\/wp\/v2\/pages\/3270\/revisions\/3704"}],"wp:featuredmedia":[{"embeddable":true,"href":"https:\/\/solarisclinicaudi.com.br\/index.php\/wp-json\/wp\/v2\/media\/2985"}],"wp:attachment":[{"href":"https:\/\/solarisclinicaudi.com.br\/index.php\/wp-json\/wp\/v2\/media?parent=3270"}],"curies":[{"name":"wp","href":"https:\/\/api.w.org\/{rel}","templated":true}]}}