{"id":3160,"date":"2022-03-17T06:55:54","date_gmt":"2022-03-17T09:55:54","guid":{"rendered":"https:\/\/solarisclinicaudi.com.br\/?page_id=3160"},"modified":"2022-04-25T20:00:05","modified_gmt":"2022-04-25T23:00:05","slug":"depilacao-a-laser","status":"publish","type":"page","link":"https:\/\/solarisclinicaudi.com.br\/index.php\/depilacao-a-laser\/","title":{"rendered":"Depila\u00e7\u00e3o a Laser"},"content":{"rendered":"<style>\/*! elementor - v3.5.6 - 28-02-2022 *\/<br \/>\n.elementor-heading-title{padding:0;margin:0;line-height:1}.elementor-widget-heading .elementor-heading-title[class*=elementor-size-]>a{color:inherit;font-size:inherit;line-height:inherit}.elementor-widget-heading .elementor-heading-title.elementor-size-small{font-size:15px}.elementor-widget-heading .elementor-heading-title.elementor-size-medium{font-size:19px}.elementor-widget-heading .elementor-heading-title.elementor-size-large{font-size:29px}.elementor-widget-heading .elementor-heading-title.elementor-size-xl{font-size:39px}.elementor-widget-heading .elementor-heading-title.elementor-size-xxl{font-size:59px}<\/style>\n<h2>Depila\u00e7\u00e3o a Laser<\/h2>\n<p>cl\u00ednica solaris medicina e est\u00e9tica<\/p>\n<h2>Depila\u00e7\u00e3o a Laser<\/h2>\n<p>Depila\u00e7\u00e3o a laser \u00e9 um tratamento est\u00e9tico que utiliza feixes de laser para remover os pelos indesejados, impedindo que, em um espa\u00e7o maior de tempo, os fol\u00edculos produzam novos fios e resultando em uma pele mais lisa e bonita.<\/p>\n<p>\u00c9 indicada para pessoas com crescimento acelerado dos pelos, foliculite, homens com barba cerrada (espessa), pelos encravados ou quem deseja eliminar os pelos esteticamente. \u00c9 recomend\u00e1vel que se entre ao menos na puberdade antes de iniciar um procedimento de depila\u00e7\u00e3o como este.<\/p>\n<p>A depila\u00e7\u00e3o a laser n\u00e3o \u00e9 indicada para portadores de\u00a0marca-passo, mulheres gr\u00e1vidas ou que est\u00e3o em processo de amamenta\u00e7\u00e3o. Este procedimento tamb\u00e9m n\u00e3o pode ser aplicado em mucosas ou em pessoas com doen\u00e7as de pele, como vitiligo ou c\u00e2ncer.<\/p>\n<p>A sess\u00e3o de depila\u00e7\u00e3o a laser pode variar dependendo da \u00e1rea tratada. Para um resultado completo, o tempo aproximado \u00e9 de 8 sess\u00f5es, dependendo da resposta do cliente ao tratamento.<\/p>\n<p>\u00c9 importante que o cliente evite bronzear a \u00e1rea depilada durante o tratamento e use filtro solar diariamente com fator m\u00ednimo de 30 FPS. \u00c9 indicado que o cliente respeite os intervalos m\u00ednimos entre as sess\u00f5es para que n\u00e3o haja fotossensibilidade e use roupas confort\u00e1veis e leves no dia da aplica\u00e7\u00e3o.<\/p>\n<p>Selecione o tratamento e saiba mais&#8230;<\/p>\n<h2>Tratamentos Corporais<\/h2>\n<p><a href=\"https:\/\/solarisclinicaudi.com.br\/index.php\/depilacao-a-laser\/\" target=\"_self\" rel=\"noopener\"><img fetchpriority=\"high\" decoding=\"async\" src=\"http:\/\/solarisclinicaudi.com.br\/wp-content\/uploads\/2022\/03\/Depilacao-a-Laser-Clinica-Solaris-Medicina-e-Estetica-Udi-Lion-1-850x850.jpg\" sizes=\"(max-width: 660px) 100vw, 660px\" srcset=\"http:\/\/solarisclinicaudi.com.br\/wp-content\/uploads\/2022\/03\/Depilacao-a-Laser-Clinica-Solaris-Medicina-e-Estetica-Udi-Lion-1-850x850.jpg 850w, http:\/\/solarisclinicaudi.com.br\/wp-content\/uploads\/2022\/03\/Depilacao-a-Laser-Clinica-Solaris-Medicina-e-Estetica-Udi-Lion-1-300x300.jpg 300w, http:\/\/solarisclinicaudi.com.br\/wp-content\/uploads\/2022\/03\/Depilacao-a-Laser-Clinica-Solaris-Medicina-e-Estetica-Udi-Lion-1-170x170.jpg 170w, http:\/\/solarisclinicaudi.com.br\/wp-content\/uploads\/2022\/03\/Depilacao-a-Laser-Clinica-Solaris-Medicina-e-Estetica-Udi-Lion-1-150x150.jpg 150w, http:\/\/solarisclinicaudi.com.br\/wp-content\/uploads\/2022\/03\/Depilacao-a-Laser-Clinica-Solaris-Medicina-e-Estetica-Udi-Lion-1-410x410.jpg 410w\" alt=\"Depila\u00e7\u00e3o a Laser - Cl\u00ednica Solaris - Medicina e Est\u00e9tica\" width=\"660\" height=\"660\" \/><\/a><\/p>\n<h3>Depila\u00e7\u00e3o a Laser<\/h3>\n<p><a href=\"https:\/\/solarisclinicaudi.com.br\/index.php\/drenagem-linfatica\/\" target=\"_self\" rel=\"noopener\"><img decoding=\"async\" src=\"http:\/\/solarisclinicaudi.com.br\/wp-content\/uploads\/2022\/03\/Drenagem-Linfatica-Clinica-Solaris-Medicina-e-Estetica-Udi-Lion-850x850.jpg\" sizes=\"(max-width: 660px) 100vw, 660px\" srcset=\"http:\/\/solarisclinicaudi.com.br\/wp-content\/uploads\/2022\/03\/Drenagem-Linfatica-Clinica-Solaris-Medicina-e-Estetica-Udi-Lion-850x850.jpg 850w, http:\/\/solarisclinicaudi.com.br\/wp-content\/uploads\/2022\/03\/Drenagem-Linfatica-Clinica-Solaris-Medicina-e-Estetica-Udi-Lion-300x300.jpg 300w, http:\/\/solarisclinicaudi.com.br\/wp-content\/uploads\/2022\/03\/Drenagem-Linfatica-Clinica-Solaris-Medicina-e-Estetica-Udi-Lion-170x170.jpg 170w, http:\/\/solarisclinicaudi.com.br\/wp-content\/uploads\/2022\/03\/Drenagem-Linfatica-Clinica-Solaris-Medicina-e-Estetica-Udi-Lion-150x150.jpg 150w, http:\/\/solarisclinicaudi.com.br\/wp-content\/uploads\/2022\/03\/Drenagem-Linfatica-Clinica-Solaris-Medicina-e-Estetica-Udi-Lion-410x410.jpg 410w\" alt=\"Drenagem Linf\u00e1tica - Cl\u00ednica Solaris - Medicina e Est\u00e9tica\" width=\"660\" height=\"660\" \/><\/a><\/p>\n<h3>Drenagem Linf\u00e1tica<\/h3>\n<p><a href=\"https:\/\/solarisclinicaudi.com.br\/index.php\/drenagem-para-gestantes\/\" target=\"_self\" rel=\"noopener\"><img decoding=\"async\" src=\"http:\/\/solarisclinicaudi.com.br\/wp-content\/uploads\/2022\/03\/Drenagem-para-Gestantes-Clinica-Solaris-Medicina-e-Estetica-Udi-Lion-850x850.jpg\" sizes=\"(max-width: 660px) 100vw, 660px\" srcset=\"http:\/\/solarisclinicaudi.com.br\/wp-content\/uploads\/2022\/03\/Drenagem-para-Gestantes-Clinica-Solaris-Medicina-e-Estetica-Udi-Lion-850x850.jpg 850w, http:\/\/solarisclinicaudi.com.br\/wp-content\/uploads\/2022\/03\/Drenagem-para-Gestantes-Clinica-Solaris-Medicina-e-Estetica-Udi-Lion-300x300.jpg 300w, http:\/\/solarisclinicaudi.com.br\/wp-content\/uploads\/2022\/03\/Drenagem-para-Gestantes-Clinica-Solaris-Medicina-e-Estetica-Udi-Lion-170x170.jpg 170w, http:\/\/solarisclinicaudi.com.br\/wp-content\/uploads\/2022\/03\/Drenagem-para-Gestantes-Clinica-Solaris-Medicina-e-Estetica-Udi-Lion-150x150.jpg 150w, http:\/\/solarisclinicaudi.com.br\/wp-content\/uploads\/2022\/03\/Drenagem-para-Gestantes-Clinica-Solaris-Medicina-e-Estetica-Udi-Lion-410x410.jpg 410w\" alt=\"Drenagem para Gestantes - Cl\u00ednica Solaris - Medicina e Est\u00e9tica\" width=\"660\" height=\"660\" \/><\/a><\/p>\n<h3>Drenagem para Gestantes<\/h3>\n<p><a href=\"https:\/\/solarisclinicaudi.com.br\/index.php\/gessoterapia\/\" target=\"_self\" rel=\"noopener\"><img loading=\"lazy\" decoding=\"async\" src=\"http:\/\/solarisclinicaudi.com.br\/wp-content\/uploads\/2022\/03\/Gessoterapia-Clinica-Solaris-Medicina-e-Estetica-Udi-Lion-850x850.jpg\" sizes=\"(max-width: 660px) 100vw, 660px\" srcset=\"http:\/\/solarisclinicaudi.com.br\/wp-content\/uploads\/2022\/03\/Gessoterapia-Clinica-Solaris-Medicina-e-Estetica-Udi-Lion-850x850.jpg 850w, http:\/\/solarisclinicaudi.com.br\/wp-content\/uploads\/2022\/03\/Gessoterapia-Clinica-Solaris-Medicina-e-Estetica-Udi-Lion-300x300.jpg 300w, http:\/\/solarisclinicaudi.com.br\/wp-content\/uploads\/2022\/03\/Gessoterapia-Clinica-Solaris-Medicina-e-Estetica-Udi-Lion-170x170.jpg 170w, http:\/\/solarisclinicaudi.com.br\/wp-content\/uploads\/2022\/03\/Gessoterapia-Clinica-Solaris-Medicina-e-Estetica-Udi-Lion-150x150.jpg 150w, http:\/\/solarisclinicaudi.com.br\/wp-content\/uploads\/2022\/03\/Gessoterapia-Clinica-Solaris-Medicina-e-Estetica-Udi-Lion-410x410.jpg 410w\" alt=\"Gessoterapia\" width=\"660\" height=\"660\" \/><\/a><\/p>\n<h3>Gessoterapia<\/h3>\n<p><a href=\"https:\/\/solarisclinicaudi.com.br\/index.php\/gluteoterapia\/\" target=\"_self\" rel=\"noopener\"><img loading=\"lazy\" decoding=\"async\" src=\"http:\/\/solarisclinicaudi.com.br\/wp-content\/uploads\/2022\/03\/Gluteoterapia-Clinica-Solaris-Medicina-e-Estetica-Udi-Lion-1-850x850.jpg\" sizes=\"(max-width: 660px) 100vw, 660px\" srcset=\"http:\/\/solarisclinicaudi.com.br\/wp-content\/uploads\/2022\/03\/Gluteoterapia-Clinica-Solaris-Medicina-e-Estetica-Udi-Lion-1-850x850.jpg 850w, http:\/\/solarisclinicaudi.com.br\/wp-content\/uploads\/2022\/03\/Gluteoterapia-Clinica-Solaris-Medicina-e-Estetica-Udi-Lion-1-150x150.jpg 150w, http:\/\/solarisclinicaudi.com.br\/wp-content\/uploads\/2022\/03\/Gluteoterapia-Clinica-Solaris-Medicina-e-Estetica-Udi-Lion-1-410x410.jpg 410w, http:\/\/solarisclinicaudi.com.br\/wp-content\/uploads\/2022\/03\/Gluteoterapia-Clinica-Solaris-Medicina-e-Estetica-Udi-Lion-1-300x300.jpg 300w, http:\/\/solarisclinicaudi.com.br\/wp-content\/uploads\/2022\/03\/Gluteoterapia-Clinica-Solaris-Medicina-e-Estetica-Udi-Lion-1-170x170.jpg 170w\" alt=\"Gluteoterapia - Cl\u00ednica Solaris - Medicina e Est\u00e9tica\" width=\"660\" height=\"660\" \/><\/a><\/p>\n<h3>Gluteoterapia<\/h3>\n<p><a href=\"https:\/\/solarisclinicaudi.com.br\/index.php\/lipo-soon\/\" target=\"_self\" rel=\"noopener\"><img loading=\"lazy\" decoding=\"async\" src=\"http:\/\/solarisclinicaudi.com.br\/wp-content\/uploads\/2022\/03\/Lipo-Soon-Clinica-Solaris-Medicina-e-Estetica-Udi-Lion-850x850.jpg\" sizes=\"(max-width: 660px) 100vw, 660px\" srcset=\"http:\/\/solarisclinicaudi.com.br\/wp-content\/uploads\/2022\/03\/Lipo-Soon-Clinica-Solaris-Medicina-e-Estetica-Udi-Lion-850x850.jpg 850w, http:\/\/solarisclinicaudi.com.br\/wp-content\/uploads\/2022\/03\/Lipo-Soon-Clinica-Solaris-Medicina-e-Estetica-Udi-Lion-300x300.jpg 300w, http:\/\/solarisclinicaudi.com.br\/wp-content\/uploads\/2022\/03\/Lipo-Soon-Clinica-Solaris-Medicina-e-Estetica-Udi-Lion-170x170.jpg 170w, http:\/\/solarisclinicaudi.com.br\/wp-content\/uploads\/2022\/03\/Lipo-Soon-Clinica-Solaris-Medicina-e-Estetica-Udi-Lion-150x150.jpg 150w, http:\/\/solarisclinicaudi.com.br\/wp-content\/uploads\/2022\/03\/Lipo-Soon-Clinica-Solaris-Medicina-e-Estetica-Udi-Lion-410x410.jpg 410w\" alt=\"Lipo Soon - Cl\u00ednica Solaris - Medicina e Est\u00e9tica\" width=\"660\" height=\"660\" \/><\/a><\/p>\n<h3>Lipo Soon<\/h3>\n<p><a href=\"https:\/\/solarisclinicaudi.com.br\/index.php\/lipocavitacao\/\" target=\"_self\" rel=\"noopener\"><img loading=\"lazy\" decoding=\"async\" src=\"http:\/\/solarisclinicaudi.com.br\/wp-content\/uploads\/2022\/03\/Lipocavitacao-Clinica-Solaris-Medicina-e-Estetica-Udi-Lion-850x850.jpg\" sizes=\"(max-width: 660px) 100vw, 660px\" srcset=\"http:\/\/solarisclinicaudi.com.br\/wp-content\/uploads\/2022\/03\/Lipocavitacao-Clinica-Solaris-Medicina-e-Estetica-Udi-Lion-850x850.jpg 850w, http:\/\/solarisclinicaudi.com.br\/wp-content\/uploads\/2022\/03\/Lipocavitacao-Clinica-Solaris-Medicina-e-Estetica-Udi-Lion-300x300.jpg 300w, http:\/\/solarisclinicaudi.com.br\/wp-content\/uploads\/2022\/03\/Lipocavitacao-Clinica-Solaris-Medicina-e-Estetica-Udi-Lion-170x170.jpg 170w, http:\/\/solarisclinicaudi.com.br\/wp-content\/uploads\/2022\/03\/Lipocavitacao-Clinica-Solaris-Medicina-e-Estetica-Udi-Lion-150x150.jpg 150w, http:\/\/solarisclinicaudi.com.br\/wp-content\/uploads\/2022\/03\/Lipocavitacao-Clinica-Solaris-Medicina-e-Estetica-Udi-Lion-410x410.jpg 410w\" alt=\"Lipocavita\u00e7\u00e3o - Cl\u00ednica Solaris - Medicina e Est\u00e9tica\" width=\"660\" height=\"660\" \/><\/a><\/p>\n<h3>Lipocavita\u00e7\u00e3o<\/h3>\n<p><a href=\"https:\/\/solarisclinicaudi.com.br\/index.php\/lipoescultura-gessada\/\" target=\"_self\" rel=\"noopener\"><img loading=\"lazy\" decoding=\"async\" src=\"http:\/\/solarisclinicaudi.com.br\/wp-content\/uploads\/2022\/03\/Lipoescultura-Gessada-Clinica-Solaris-Medicina-e-Estetica-Udi-Lion-850x850.jpg\" sizes=\"(max-width: 660px) 100vw, 660px\" srcset=\"http:\/\/solarisclinicaudi.com.br\/wp-content\/uploads\/2022\/03\/Lipoescultura-Gessada-Clinica-Solaris-Medicina-e-Estetica-Udi-Lion-850x850.jpg 850w, http:\/\/solarisclinicaudi.com.br\/wp-content\/uploads\/2022\/03\/Lipoescultura-Gessada-Clinica-Solaris-Medicina-e-Estetica-Udi-Lion-300x300.jpg 300w, http:\/\/solarisclinicaudi.com.br\/wp-content\/uploads\/2022\/03\/Lipoescultura-Gessada-Clinica-Solaris-Medicina-e-Estetica-Udi-Lion-170x170.jpg 170w, http:\/\/solarisclinicaudi.com.br\/wp-content\/uploads\/2022\/03\/Lipoescultura-Gessada-Clinica-Solaris-Medicina-e-Estetica-Udi-Lion-150x150.jpg 150w, http:\/\/solarisclinicaudi.com.br\/wp-content\/uploads\/2022\/03\/Lipoescultura-Gessada-Clinica-Solaris-Medicina-e-Estetica-Udi-Lion-410x410.jpg 410w\" alt=\"Lipoescultura Gessada - Cl\u00ednica Solaris - Medicina e Est\u00e9tica\" width=\"660\" height=\"660\" \/><\/a><\/p>\n<h3>Lipoescultura Gessada<\/h3>\n<p><a href=\"https:\/\/solarisclinicaudi.com.br\/index.php\/manthus\/\" target=\"_self\" rel=\"noopener\"><img loading=\"lazy\" decoding=\"async\" src=\"http:\/\/solarisclinicaudi.com.br\/wp-content\/uploads\/2022\/03\/Manthus-Clinica-Solaris-Medicina-e-Estetica-Udi-Lion-850x850.jpg\" sizes=\"(max-width: 660px) 100vw, 660px\" srcset=\"http:\/\/solarisclinicaudi.com.br\/wp-content\/uploads\/2022\/03\/Manthus-Clinica-Solaris-Medicina-e-Estetica-Udi-Lion-850x850.jpg 850w, http:\/\/solarisclinicaudi.com.br\/wp-content\/uploads\/2022\/03\/Manthus-Clinica-Solaris-Medicina-e-Estetica-Udi-Lion-300x300.jpg 300w, http:\/\/solarisclinicaudi.com.br\/wp-content\/uploads\/2022\/03\/Manthus-Clinica-Solaris-Medicina-e-Estetica-Udi-Lion-170x170.jpg 170w, http:\/\/solarisclinicaudi.com.br\/wp-content\/uploads\/2022\/03\/Manthus-Clinica-Solaris-Medicina-e-Estetica-Udi-Lion-600x600.jpg 600w, http:\/\/solarisclinicaudi.com.br\/wp-content\/uploads\/2022\/03\/Manthus-Clinica-Solaris-Medicina-e-Estetica-Udi-Lion-1024x1024.jpg 1024w, http:\/\/solarisclinicaudi.com.br\/wp-content\/uploads\/2022\/03\/Manthus-Clinica-Solaris-Medicina-e-Estetica-Udi-Lion-150x150.jpg 150w, http:\/\/solarisclinicaudi.com.br\/wp-content\/uploads\/2022\/03\/Manthus-Clinica-Solaris-Medicina-e-Estetica-Udi-Lion-768x768.jpg 768w, http:\/\/solarisclinicaudi.com.br\/wp-content\/uploads\/2022\/03\/Manthus-Clinica-Solaris-Medicina-e-Estetica-Udi-Lion-410x410.jpg 410w, http:\/\/solarisclinicaudi.com.br\/wp-content\/uploads\/2022\/03\/Manthus-Clinica-Solaris-Medicina-e-Estetica-Udi-Lion.jpg 1080w\" alt=\"Manthus - Cl\u00ednica Solaris - Medicina e Est\u00e9tica\" width=\"660\" height=\"660\" \/><\/a><\/p>\n<h3>Manthus<\/h3>\n<p><a href=\"https:\/\/solarisclinicaudi.com.br\/index.php\/massagem-modeladora\/\" target=\"_self\" rel=\"noopener\"><img loading=\"lazy\" decoding=\"async\" src=\"http:\/\/solarisclinicaudi.com.br\/wp-content\/uploads\/2022\/03\/Massagem-Modeladora-Clinica-Solaris-Medicina-e-Estetica-Udi-Lion-850x850.jpg\" sizes=\"(max-width: 660px) 100vw, 660px\" srcset=\"http:\/\/solarisclinicaudi.com.br\/wp-content\/uploads\/2022\/03\/Massagem-Modeladora-Clinica-Solaris-Medicina-e-Estetica-Udi-Lion-850x850.jpg 850w, http:\/\/solarisclinicaudi.com.br\/wp-content\/uploads\/2022\/03\/Massagem-Modeladora-Clinica-Solaris-Medicina-e-Estetica-Udi-Lion-300x300.jpg 300w, http:\/\/solarisclinicaudi.com.br\/wp-content\/uploads\/2022\/03\/Massagem-Modeladora-Clinica-Solaris-Medicina-e-Estetica-Udi-Lion-170x170.jpg 170w, http:\/\/solarisclinicaudi.com.br\/wp-content\/uploads\/2022\/03\/Massagem-Modeladora-Clinica-Solaris-Medicina-e-Estetica-Udi-Lion-150x150.jpg 150w, http:\/\/solarisclinicaudi.com.br\/wp-content\/uploads\/2022\/03\/Massagem-Modeladora-Clinica-Solaris-Medicina-e-Estetica-Udi-Lion-410x410.jpg 410w\" alt=\"\" width=\"660\" height=\"660\" \/><\/a><\/p>\n<h3>Massagem Modeladora<\/h3>\n<p><a href=\"https:\/\/solarisclinicaudi.com.br\/index.php\/massagem-relaxante\/\" target=\"_self\" rel=\"noopener\"><img loading=\"lazy\" decoding=\"async\" src=\"http:\/\/solarisclinicaudi.com.br\/wp-content\/uploads\/2022\/03\/Massagem-Relaxante-Clinica-Solaris-Medicina-e-Estetica-Udi-Lion-850x850.jpg\" sizes=\"(max-width: 660px) 100vw, 660px\" srcset=\"http:\/\/solarisclinicaudi.com.br\/wp-content\/uploads\/2022\/03\/Massagem-Relaxante-Clinica-Solaris-Medicina-e-Estetica-Udi-Lion-850x850.jpg 850w, http:\/\/solarisclinicaudi.com.br\/wp-content\/uploads\/2022\/03\/Massagem-Relaxante-Clinica-Solaris-Medicina-e-Estetica-Udi-Lion-300x300.jpg 300w, http:\/\/solarisclinicaudi.com.br\/wp-content\/uploads\/2022\/03\/Massagem-Relaxante-Clinica-Solaris-Medicina-e-Estetica-Udi-Lion-170x170.jpg 170w, http:\/\/solarisclinicaudi.com.br\/wp-content\/uploads\/2022\/03\/Massagem-Relaxante-Clinica-Solaris-Medicina-e-Estetica-Udi-Lion-150x150.jpg 150w, http:\/\/solarisclinicaudi.com.br\/wp-content\/uploads\/2022\/03\/Massagem-Relaxante-Clinica-Solaris-Medicina-e-Estetica-Udi-Lion-410x410.jpg 410w\" alt=\"Massagem Relaxante - Cl\u00ednica Solaris - Medicina e Est\u00e9tica\" width=\"660\" height=\"660\" \/><\/a><\/p>\n<h3>Massagem Relaxante<\/h3>\n<p><a href=\"https:\/\/solarisclinicaudi.com.br\/index.php\/pos-operatorio\/\" target=\"_self\" rel=\"noopener\"><img loading=\"lazy\" decoding=\"async\" src=\"http:\/\/solarisclinicaudi.com.br\/wp-content\/uploads\/2022\/03\/Pos-Operatorio-Clinica-Solaris-Medicina-e-Estetica-Udi-Lion-1-850x850.jpg\" sizes=\"(max-width: 660px) 100vw, 660px\" srcset=\"http:\/\/solarisclinicaudi.com.br\/wp-content\/uploads\/2022\/03\/Pos-Operatorio-Clinica-Solaris-Medicina-e-Estetica-Udi-Lion-1-850x850.jpg 850w, http:\/\/solarisclinicaudi.com.br\/wp-content\/uploads\/2022\/03\/Pos-Operatorio-Clinica-Solaris-Medicina-e-Estetica-Udi-Lion-1-300x300.jpg 300w, http:\/\/solarisclinicaudi.com.br\/wp-content\/uploads\/2022\/03\/Pos-Operatorio-Clinica-Solaris-Medicina-e-Estetica-Udi-Lion-1-170x170.jpg 170w, http:\/\/solarisclinicaudi.com.br\/wp-content\/uploads\/2022\/03\/Pos-Operatorio-Clinica-Solaris-Medicina-e-Estetica-Udi-Lion-1-150x150.jpg 150w, http:\/\/solarisclinicaudi.com.br\/wp-content\/uploads\/2022\/03\/Pos-Operatorio-Clinica-Solaris-Medicina-e-Estetica-Udi-Lion-1-410x410.jpg 410w\" alt=\"P\u00f3s-Operat\u00f3rio - Cl\u00ednica Solaris - Medicina e Est\u00e9tica\" width=\"660\" height=\"660\" \/><\/a><\/p>\n<h3>P\u00f3s-Operat\u00f3rio<\/h3>\n<p><a href=\"https:\/\/solarisclinicaudi.com.br\/index.php\/radiofrequencia-spectra\/\" target=\"_self\" rel=\"noopener\"><img loading=\"lazy\" decoding=\"async\" src=\"http:\/\/solarisclinicaudi.com.br\/wp-content\/uploads\/2022\/03\/Radiofrequencia-Spectra-Clinica-Solaris-Medicina-e-Estetica-Udi-Lion-850x850.jpg\" sizes=\"(max-width: 660px) 100vw, 660px\" srcset=\"http:\/\/solarisclinicaudi.com.br\/wp-content\/uploads\/2022\/03\/Radiofrequencia-Spectra-Clinica-Solaris-Medicina-e-Estetica-Udi-Lion-850x850.jpg 850w, http:\/\/solarisclinicaudi.com.br\/wp-content\/uploads\/2022\/03\/Radiofrequencia-Spectra-Clinica-Solaris-Medicina-e-Estetica-Udi-Lion-300x300.jpg 300w, http:\/\/solarisclinicaudi.com.br\/wp-content\/uploads\/2022\/03\/Radiofrequencia-Spectra-Clinica-Solaris-Medicina-e-Estetica-Udi-Lion-170x170.jpg 170w, http:\/\/solarisclinicaudi.com.br\/wp-content\/uploads\/2022\/03\/Radiofrequencia-Spectra-Clinica-Solaris-Medicina-e-Estetica-Udi-Lion-150x150.jpg 150w, http:\/\/solarisclinicaudi.com.br\/wp-content\/uploads\/2022\/03\/Radiofrequencia-Spectra-Clinica-Solaris-Medicina-e-Estetica-Udi-Lion-410x410.jpg 410w\" alt=\"Radiofrequ\u00eancia Spectra\" width=\"660\" height=\"660\" \/><\/a><\/p>\n<h3>Radiofrequ\u00eancia Spectra<\/h3>\n<p><a href=\"https:\/\/solarisclinicaudi.com.br\/index.php\/striort\/\" target=\"_self\" rel=\"noopener\"><img loading=\"lazy\" decoding=\"async\" src=\"http:\/\/solarisclinicaudi.com.br\/wp-content\/uploads\/2022\/03\/Striort-Clinica-Solaris-Medicina-e-Estetica-Udi-Lion-850x850.jpg\" sizes=\"(max-width: 660px) 100vw, 660px\" srcset=\"http:\/\/solarisclinicaudi.com.br\/wp-content\/uploads\/2022\/03\/Striort-Clinica-Solaris-Medicina-e-Estetica-Udi-Lion-850x850.jpg 850w, http:\/\/solarisclinicaudi.com.br\/wp-content\/uploads\/2022\/03\/Striort-Clinica-Solaris-Medicina-e-Estetica-Udi-Lion-300x300.jpg 300w, http:\/\/solarisclinicaudi.com.br\/wp-content\/uploads\/2022\/03\/Striort-Clinica-Solaris-Medicina-e-Estetica-Udi-Lion-170x170.jpg 170w, http:\/\/solarisclinicaudi.com.br\/wp-content\/uploads\/2022\/03\/Striort-Clinica-Solaris-Medicina-e-Estetica-Udi-Lion-150x150.jpg 150w, http:\/\/solarisclinicaudi.com.br\/wp-content\/uploads\/2022\/03\/Striort-Clinica-Solaris-Medicina-e-Estetica-Udi-Lion-410x410.jpg 410w\" alt=\"Striort - Cl\u00ednica Solaris - Medicina e Est\u00e9tica\" width=\"660\" height=\"660\" \/><\/a><\/p>\n<h3>Striort<\/h3>\n<p><a href=\"https:\/\/solarisclinicaudi.com.br\/index.php\/vacuoterapia\/\" target=\"_self\" rel=\"noopener\"><img loading=\"lazy\" decoding=\"async\" src=\"http:\/\/solarisclinicaudi.com.br\/wp-content\/uploads\/2022\/03\/Vacuoterapia-Clinica-Solaris-Medicina-e-Estetica-Udi-Lion-850x850.jpg\" sizes=\"(max-width: 660px) 100vw, 660px\" srcset=\"http:\/\/solarisclinicaudi.com.br\/wp-content\/uploads\/2022\/03\/Vacuoterapia-Clinica-Solaris-Medicina-e-Estetica-Udi-Lion-850x850.jpg 850w, http:\/\/solarisclinicaudi.com.br\/wp-content\/uploads\/2022\/03\/Vacuoterapia-Clinica-Solaris-Medicina-e-Estetica-Udi-Lion-300x300.jpg 300w, http:\/\/solarisclinicaudi.com.br\/wp-content\/uploads\/2022\/03\/Vacuoterapia-Clinica-Solaris-Medicina-e-Estetica-Udi-Lion-170x170.jpg 170w, http:\/\/solarisclinicaudi.com.br\/wp-content\/uploads\/2022\/03\/Vacuoterapia-Clinica-Solaris-Medicina-e-Estetica-Udi-Lion-150x150.jpg 150w, http:\/\/solarisclinicaudi.com.br\/wp-content\/uploads\/2022\/03\/Vacuoterapia-Clinica-Solaris-Medicina-e-Estetica-Udi-Lion-410x410.jpg 410w\" alt=\"Vacuoterapia - Cl\u00ednica Solaris - Medicina e Est\u00e9tica\" width=\"660\" height=\"660\" \/><\/a><\/p>\n<h3>Vacuoterapia<\/h3>\n<style>\/*! elementor - v3.5.6 - 28-02-2022 *\/<br \/>\n@media (min-width:768px){.elementor-widget-icon-box.elementor-position-left .elementor-icon-box-wrapper,.elementor-widget-icon-box.elementor-position-right .elementor-icon-box-wrapper{display:-webkit-box;display:-ms-flexbox;display:flex}.elementor-widget-icon-box.elementor-position-left .elementor-icon-box-icon,.elementor-widget-icon-box.elementor-position-right .elementor-icon-box-icon{display:-webkit-inline-box;display:-ms-inline-flexbox;display:inline-flex;-webkit-box-flex:0;-ms-flex:0 0 auto;flex:0 0 auto}.elementor-widget-icon-box.elementor-position-right .elementor-icon-box-wrapper{text-align:right;-webkit-box-orient:horizontal;-webkit-box-direction:reverse;-ms-flex-direction:row-reverse;flex-direction:row-reverse}.elementor-widget-icon-box.elementor-position-left .elementor-icon-box-wrapper{text-align:left;-webkit-box-orient:horizontal;-webkit-box-direction:normal;-ms-flex-direction:row;flex-direction:row}.elementor-widget-icon-box.elementor-position-top .elementor-icon-box-img{margin:auto}.elementor-widget-icon-box.elementor-vertical-align-top .elementor-icon-box-wrapper{-webkit-box-align:start;-ms-flex-align:start;align-items:flex-start}.elementor-widget-icon-box.elementor-vertical-align-middle .elementor-icon-box-wrapper{-webkit-box-align:center;-ms-flex-align:center;align-items:center}.elementor-widget-icon-box.elementor-vertical-align-bottom .elementor-icon-box-wrapper{-webkit-box-align:end;-ms-flex-align:end;align-items:flex-end}}@media (max-width:767px){.elementor-widget-icon-box .elementor-icon-box-icon{margin-left:auto!important;margin-right:auto!important;margin-bottom:15px}}.elementor-widget-icon-box .elementor-icon-box-wrapper{text-align:center}.elementor-widget-icon-box .elementor-icon-box-title a{color:inherit}.elementor-widget-icon-box .elementor-icon-box-content{-webkit-box-flex:1;-ms-flex-positive:1;flex-grow:1}.elementor-widget-icon-box .elementor-icon-box-description{margin:0}<\/style>\n<h3>Entre em contato conosco e agende uma visita!<\/h3>\n<p><a role=\"button\" href=\"https:\/\/api.whatsapp.com\/send?phone=5534998554236&amp;text=Ol%C3%A1%20estou%20no%20site%20da%20Cl%C3%ADnica%20Solaris%20e%20gostaria%20de%20maiores%20informa%C3%A7%C3%B5es...\" target=\"_blank\" rel=\"noopener\"><br \/>\nFale Conosco &#8230;<br \/>\n<\/a><\/p>\n","protected":false},"excerpt":{"rendered":"<p>Depila\u00e7\u00e3o a Laser cl\u00ednica solaris medicina e est\u00e9tica Depila\u00e7\u00e3o a Laser Depila\u00e7\u00e3o a laser \u00e9 um tratamento est\u00e9tico que utiliza feixes de laser para remover os pelos indesejados, impedindo que, em um espa\u00e7o maior de tempo, os fol\u00edculos produzam novos fios e resultando em uma pele mais lisa e bonita. \u00c9 indicada para pessoas com &hellip; <br \/><a href=\"https:\/\/solarisclinicaudi.com.br\/index.php\/depilacao-a-laser\/\" class=\"more-link\">Continuar<\/a><\/p>\n","protected":false},"author":1,"featured_media":3017,"parent":0,"menu_order":0,"comment_status":"closed","ping_status":"closed","template":"elementor_header_footer","meta":{"om_disable_all_campaigns":false,"_monsterinsights_skip_tracking":false,"_monsterinsights_sitenote_active":false,"_monsterinsights_sitenote_note":"","_monsterinsights_sitenote_category":0,"footnotes":""},"class_list":["post-3160","page","type-page","status-publish","has-post-thumbnail","hentry"],"aioseo_notices":[],"_links":{"self":[{"href":"https:\/\/solarisclinicaudi.com.br\/index.php\/wp-json\/wp\/v2\/pages\/3160","targetHints":{"allow":["GET"]}}],"collection":[{"href":"https:\/\/solarisclinicaudi.com.br\/index.php\/wp-json\/wp\/v2\/pages"}],"about":[{"href":"https:\/\/solarisclinicaudi.com.br\/index.php\/wp-json\/wp\/v2\/types\/page"}],"author":[{"embeddable":true,"href":"https:\/\/solarisclinicaudi.com.br\/index.php\/wp-json\/wp\/v2\/users\/1"}],"replies":[{"embeddable":true,"href":"https:\/\/solarisclinicaudi.com.br\/index.php\/wp-json\/wp\/v2\/comments?post=3160"}],"version-history":[{"count":15,"href":"https:\/\/solarisclinicaudi.com.br\/index.php\/wp-json\/wp\/v2\/pages\/3160\/revisions"}],"predecessor-version":[{"id":3700,"href":"https:\/\/solarisclinicaudi.com.br\/index.php\/wp-json\/wp\/v2\/pages\/3160\/revisions\/3700"}],"wp:featuredmedia":[{"embeddable":true,"href":"https:\/\/solarisclinicaudi.com.br\/index.php\/wp-json\/wp\/v2\/media\/3017"}],"wp:attachment":[{"href":"https:\/\/solarisclinicaudi.com.br\/index.php\/wp-json\/wp\/v2\/media?parent=3160"}],"curies":[{"name":"wp","href":"https:\/\/api.w.org\/{rel}","templated":true}]}}